{"id":1018,"date":"2024-06-07T13:56:05","date_gmt":"2024-06-07T13:56:05","guid":{"rendered":"https:\/\/drdenizkilic.com\/blog\/"},"modified":"2025-12-09T06:54:50","modified_gmt":"2025-12-09T06:54:50","slug":"blog","status":"publish","type":"page","link":"https:\/\/drdenizkilic.com\/en\/blog\/","title":{"rendered":"Blog"},"content":{"rendered":"\t\t<div data-elementor-type=\"wp-page\" data-elementor-id=\"1018\" class=\"elementor elementor-1018 elementor-292\" data-elementor-post-type=\"page\">\n\t\t\t\t\t\t<section class=\"elementor-section elementor-top-section elementor-element elementor-element-28838d3 elementor-section-height-min-height elementor-section-boxed elementor-section-height-default elementor-section-items-middle\" data-id=\"28838d3\" data-element_type=\"section\" data-e-type=\"section\" data-settings=\"{&quot;background_background&quot;:&quot;classic&quot;}\">\n\t\t\t\t\t\t<div class=\"elementor-container elementor-column-gap-default\">\n\t\t\t\t\t<div class=\"elementor-column elementor-col-100 elementor-top-column elementor-element elementor-element-a918eca\" data-id=\"a918eca\" data-element_type=\"column\" data-e-type=\"column\">\n\t\t\t<div class=\"elementor-widget-wrap elementor-element-populated\">\n\t\t\t\t\t\t<section class=\"elementor-section elementor-inner-section elementor-element elementor-element-0af32bb elementor-section-boxed elementor-section-height-default elementor-section-height-default\" data-id=\"0af32bb\" data-element_type=\"section\" data-e-type=\"section\">\n\t\t\t\t\t\t<div class=\"elementor-container elementor-column-gap-default\">\n\t\t\t\t\t<div class=\"elementor-column elementor-col-50 elementor-inner-column elementor-element elementor-element-ef75d8a\" data-id=\"ef75d8a\" data-element_type=\"column\" data-e-type=\"column\">\n\t\t\t<div class=\"elementor-widget-wrap elementor-element-populated\">\n\t\t\t\t\t\t<div class=\"elementor-element elementor-element-1ea9b2c elementor-widget elementor-widget-shortcode\" data-id=\"1ea9b2c\" data-element_type=\"widget\" data-e-type=\"widget\" data-widget_type=\"shortcode.default\">\n\t\t\t\t<div class=\"elementor-widget-container\">\n\t\t\t\t\t\t\t<div class=\"elementor-shortcode\"><\/div>\n\t\t\t\t\t\t<\/div>\n\t\t\t\t<\/div>\n\t\t\t\t\t<\/div>\n\t\t<\/div>\n\t\t\t\t<div class=\"elementor-column elementor-col-50 elementor-inner-column elementor-element elementor-element-544f371\" data-id=\"544f371\" data-element_type=\"column\" data-e-type=\"column\">\n\t\t\t<div class=\"elementor-widget-wrap\">\n\t\t\t\t\t\t\t<\/div>\n\t\t<\/div>\n\t\t\t\t\t<\/div>\n\t\t<\/section>\n\t\t\t\t\t<\/div>\n\t\t<\/div>\n\t\t\t\t\t<\/div>\n\t\t<\/section>\n\t\t\t\t<section class=\"elementor-section elementor-top-section elementor-element elementor-element-366286a elementor-section-boxed elementor-section-height-default elementor-section-height-default\" data-id=\"366286a\" data-element_type=\"section\" data-e-type=\"section\">\n\t\t\t\t\t\t<div class=\"elementor-container elementor-column-gap-default\">\n\t\t\t\t\t<div class=\"elementor-column elementor-col-100 elementor-top-column elementor-element elementor-element-c3779a5\" data-id=\"c3779a5\" data-element_type=\"column\" data-e-type=\"column\">\n\t\t\t<div class=\"elementor-widget-wrap elementor-element-populated\">\n\t\t\t\t\t\t<div class=\"elementor-element elementor-element-e02a6d6 elementor-widget elementor-widget-text-editor\" data-id=\"e02a6d6\" data-element_type=\"widget\" data-e-type=\"widget\" data-widget_type=\"text-editor.default\">\n\t\t\t\t<div class=\"elementor-widget-container\">\n\t\t\t\t\t\t\t\t\t<p data-path-to-node=\"10\">Welcome to the official blog of Assoc. Prof. Dr. Deniz K\u0131l\u0131\u00e7&#8217;s clinic, your dedicated source for the latest advancements in <b>eye health<\/b> and specialized treatments in <b>Izmir<\/b>. This page is designed to provide comprehensive, reliable information on various ophthalmic procedures, including modern refractive surgeries like <b>LASIK<\/b>, <b>SMILE eye surgery<\/b>, <b>cataract surgery<\/b>, and premium <b>intraocular lens<\/b> implants. We also cover detailed topics on <b>eyelid aesthetics<\/b> (<b>blepharoplasty<\/b>) and oculoplastic solutions.<\/p>\n<p data-path-to-node=\"11\">We address common concerns such as how to achieve freedom from glasses and contact lenses, the newest techniques in correcting <b>myopia<\/b> and <b>astigmatism<\/b>, what to expect during the <b>post-operative recovery period<\/b>, and factors affecting <b>laser eye surgery costs<\/b>. Our mission is to empower all patients seeking the highest quality treatment options in <b>Izmir<\/b> with accurate and expert knowledge. Navigate our articles to make informed decisions about your vision health.<\/p>\t\t\t\t\t\t\t\t<\/div>\n\t\t\t\t<\/div>\n\t\t\t\t<div class=\"elementor-element elementor-element-b717ee9 elementor-grid-3 elementor-grid-tablet-2 elementor-grid-mobile-1 elementor-widget elementor-widget-loop-grid\" data-id=\"b717ee9\" data-element_type=\"widget\" data-e-type=\"widget\" data-settings=\"{&quot;template_id&quot;:1036,&quot;_skin&quot;:&quot;post&quot;,&quot;columns&quot;:&quot;3&quot;,&quot;columns_tablet&quot;:&quot;2&quot;,&quot;columns_mobile&quot;:&quot;1&quot;,&quot;edit_handle_selector&quot;:&quot;[data-elementor-type=\\&quot;loop-item\\&quot;]&quot;,&quot;row_gap&quot;:{&quot;unit&quot;:&quot;px&quot;,&quot;size&quot;:&quot;&quot;,&quot;sizes&quot;:[]},&quot;row_gap_tablet&quot;:{&quot;unit&quot;:&quot;px&quot;,&quot;size&quot;:&quot;&quot;,&quot;sizes&quot;:[]},&quot;row_gap_mobile&quot;:{&quot;unit&quot;:&quot;px&quot;,&quot;size&quot;:&quot;&quot;,&quot;sizes&quot;:[]}}\" data-widget_type=\"loop-grid.post\">\n\t\t\t\t<div class=\"elementor-widget-container\">\n\t\t\t\t\t\t\t<div class=\"elementor-loop-container elementor-grid\" role=\"list\">\n\t\t<style id=\"loop-1036\">.elementor-1036 .elementor-element.elementor-element-b063dce > .elementor-element-populated, .elementor-1036 .elementor-element.elementor-element-b063dce > .elementor-element-populated > .elementor-background-overlay, .elementor-1036 .elementor-element.elementor-element-b063dce > .elementor-background-slideshow{border-radius:30px 30px 0px 0px;}.elementor-widget-theme-post-featured-image .widget-image-caption{color:var( --e-global-color-text );font-family:var( --e-global-typography-text-font-family ), Sans-serif;font-weight:var( --e-global-typography-text-font-weight );}.elementor-1036 .elementor-element.elementor-element-e072fac img{border-radius:20px 20px 0px 0px;}.elementor-1036 .elementor-element.elementor-element-7200b02:not(.elementor-motion-effects-element-type-background), .elementor-1036 .elementor-element.elementor-element-7200b02 > .elementor-motion-effects-container > .elementor-motion-effects-layer{background-color:var( --e-global-color-c08b5c9 );}.elementor-1036 .elementor-element.elementor-element-7200b02, .elementor-1036 .elementor-element.elementor-element-7200b02 > .elementor-background-overlay{border-radius:0px 0px 20px 20px;}.elementor-1036 .elementor-element.elementor-element-7200b02{transition:background 0.3s, border 0.3s, border-radius 0.3s, box-shadow 0.3s;margin-top:-20px;margin-bottom:0px;padding:20px 0px 10px 0px;}.elementor-1036 .elementor-element.elementor-element-7200b02 > .elementor-background-overlay{transition:background 0.3s, border-radius 0.3s, opacity 0.3s;}.elementor-widget-theme-post-title .elementor-heading-title{font-family:var( --e-global-typography-primary-font-family ), Sans-serif;font-weight:var( --e-global-typography-primary-font-weight );color:var( --e-global-color-primary );}.elementor-1036 .elementor-element.elementor-element-21dd7ed{text-align:center;}.elementor-1036 .elementor-element.elementor-element-21dd7ed .elementor-heading-title{font-family:\"Roboto\", Sans-serif;font-size:23px;font-weight:500;color:#FFFFFF;}.elementor-widget-button .elementor-button{font-family:var( --e-global-typography-accent-font-family ), Sans-serif;font-weight:var( --e-global-typography-accent-font-weight );background-color:var( --e-global-color-accent );}.elementor-1036 .elementor-element.elementor-element-2cd43f1 .elementor-button{font-family:\"Roboto\", Sans-serif;font-weight:400;text-decoration:underline;background-color:#61CE7000;}<\/style>\t\t<div data-elementor-type=\"loop-item\" data-elementor-id=\"1036\" class=\"elementor elementor-1036 elementor-59 elementor-59 e-loop-item e-loop-item-1027 post-1027 post type-post status-publish format-standard has-post-thumbnail hentry\" data-elementor-post-type=\"elementor_library\" data-custom-edit-handle=\"1\">\n\t\t\t\t\t<section class=\"elementor-section elementor-top-section elementor-element elementor-element-af93d2e elementor-section-boxed elementor-section-height-default elementor-section-height-default\" data-id=\"af93d2e\" data-element_type=\"section\" data-e-type=\"section\">\n\t\t\t\t\t\t<div class=\"elementor-container elementor-column-gap-default\">\n\t\t\t\t\t<div class=\"elementor-column elementor-col-100 elementor-top-column elementor-element elementor-element-b063dce\" data-id=\"b063dce\" data-element_type=\"column\" data-e-type=\"column\">\n\t\t\t<div class=\"elementor-widget-wrap elementor-element-populated\">\n\t\t\t\t\t\t<div class=\"elementor-element elementor-element-e072fac elementor-widget elementor-widget-theme-post-featured-image elementor-widget-image\" data-id=\"e072fac\" data-element_type=\"widget\" data-e-type=\"widget\" data-widget_type=\"theme-post-featured-image.default\">\n\t\t\t\t<div class=\"elementor-widget-container\">\n\t\t\t\t\t\t\t\t\t\t\t\t\t\t\t\t<a href=\"https:\/\/drdenizkilic.com\/en\/the-importance-of-early-diagnosis-of-eye-diseases\/\">\n\t\t\t\t\t\t\t<img fetchpriority=\"high\" decoding=\"async\" width=\"1200\" height=\"600\" src=\"https:\/\/drdenizkilic.com\/wp-content\/uploads\/2024\/06\/goz-hastaliklarinin-erken-teshisinin-onemi.jpg\" class=\"attachment-full size-full wp-image-873\" alt=\"G\u00f6z Hastal\u0131klar\u0131n\u0131n Erken Te\u015fhisinin \u00d6nemi\" srcset=\"https:\/\/drdenizkilic.com\/wp-content\/uploads\/2024\/06\/goz-hastaliklarinin-erken-teshisinin-onemi.jpg 1200w, https:\/\/drdenizkilic.com\/wp-content\/uploads\/2024\/06\/goz-hastaliklarinin-erken-teshisinin-onemi-300x150.jpg 300w, https:\/\/drdenizkilic.com\/wp-content\/uploads\/2024\/06\/goz-hastaliklarinin-erken-teshisinin-onemi-1024x512.jpg 1024w, https:\/\/drdenizkilic.com\/wp-content\/uploads\/2024\/06\/goz-hastaliklarinin-erken-teshisinin-onemi-768x384.jpg 768w\" sizes=\"(max-width: 1200px) 100vw, 1200px\" \/>\t\t\t\t\t\t\t\t<\/a>\n\t\t\t\t\t\t\t\t\t\t\t\t\t\t\t<\/div>\n\t\t\t\t<\/div>\n\t\t\t\t<section class=\"elementor-section elementor-inner-section elementor-element elementor-element-7200b02 elementor-section-boxed elementor-section-height-default elementor-section-height-default\" data-id=\"7200b02\" data-element_type=\"section\" data-e-type=\"section\" data-settings=\"{&quot;background_background&quot;:&quot;classic&quot;}\">\n\t\t\t\t\t\t<div class=\"elementor-container elementor-column-gap-default\">\n\t\t\t\t\t<div class=\"elementor-column elementor-col-100 elementor-inner-column elementor-element elementor-element-e7dfda2\" data-id=\"e7dfda2\" data-element_type=\"column\" data-e-type=\"column\">\n\t\t\t<div class=\"elementor-widget-wrap elementor-element-populated\">\n\t\t\t\t\t\t<div class=\"elementor-element elementor-element-21dd7ed elementor-widget elementor-widget-theme-post-title elementor-page-title elementor-widget-heading\" data-id=\"21dd7ed\" data-element_type=\"widget\" data-e-type=\"widget\" data-widget_type=\"theme-post-title.default\">\n\t\t\t\t<div class=\"elementor-widget-container\">\n\t\t\t\t\t<h4 class=\"elementor-heading-title elementor-size-default\"><a href=\"https:\/\/drdenizkilic.com\/en\/the-importance-of-early-diagnosis-of-eye-diseases\/\">The Importance of Early Diagnosis of Eye Diseases<\/a><\/h4>\t\t\t\t<\/div>\n\t\t\t\t<\/div>\n\t\t\t\t<div class=\"elementor-element elementor-element-2cd43f1 elementor-align-center elementor-widget elementor-widget-button\" data-id=\"2cd43f1\" data-element_type=\"widget\" data-e-type=\"widget\" data-widget_type=\"button.default\">\n\t\t\t\t<div class=\"elementor-widget-container\">\n\t\t\t\t\t\t\t\t\t<div class=\"elementor-button-wrapper\">\n\t\t\t\t\t<a class=\"elementor-button elementor-button-link elementor-size-sm\" href=\"https:\/\/drdenizkilic.com\/en\/the-importance-of-early-diagnosis-of-eye-diseases\/\">\n\t\t\t\t\t\t<span class=\"elementor-button-content-wrapper\">\n\t\t\t\t\t\t\t\t\t<span class=\"elementor-button-text\">For more...<\/span>\n\t\t\t\t\t<\/span>\n\t\t\t\t\t<\/a>\n\t\t\t\t<\/div>\n\t\t\t\t\t\t\t\t<\/div>\n\t\t\t\t<\/div>\n\t\t\t\t\t<\/div>\n\t\t<\/div>\n\t\t\t\t\t<\/div>\n\t\t<\/section>\n\t\t\t\t\t<\/div>\n\t\t<\/div>\n\t\t\t\t\t<\/div>\n\t\t<\/section>\n\t\t\t\t<\/div>\n\t\t\t\t<div data-elementor-type=\"loop-item\" data-elementor-id=\"1036\" class=\"elementor elementor-1036 elementor-59 elementor-59 e-loop-item e-loop-item-1030 post-1030 post type-post status-publish format-standard has-post-thumbnail hentry\" data-elementor-post-type=\"elementor_library\" data-custom-edit-handle=\"1\">\n\t\t\t\t\t<section class=\"elementor-section elementor-top-section elementor-element elementor-element-af93d2e elementor-section-boxed elementor-section-height-default elementor-section-height-default\" data-id=\"af93d2e\" data-element_type=\"section\" data-e-type=\"section\">\n\t\t\t\t\t\t<div class=\"elementor-container elementor-column-gap-default\">\n\t\t\t\t\t<div class=\"elementor-column elementor-col-100 elementor-top-column elementor-element elementor-element-b063dce\" data-id=\"b063dce\" data-element_type=\"column\" data-e-type=\"column\">\n\t\t\t<div class=\"elementor-widget-wrap elementor-element-populated\">\n\t\t\t\t\t\t<div class=\"elementor-element elementor-element-e072fac elementor-widget elementor-widget-theme-post-featured-image elementor-widget-image\" data-id=\"e072fac\" data-element_type=\"widget\" data-e-type=\"widget\" data-widget_type=\"theme-post-featured-image.default\">\n\t\t\t\t<div class=\"elementor-widget-container\">\n\t\t\t\t\t\t\t\t\t\t\t\t\t\t\t\t<a href=\"https:\/\/drdenizkilic.com\/en\/ways-to-maintain-eye-health\/\">\n\t\t\t\t\t\t\t<img decoding=\"async\" width=\"1200\" height=\"600\" src=\"https:\/\/drdenizkilic.com\/wp-content\/uploads\/2024\/06\/goz-sagligini-korumanin-yollari.jpg\" class=\"attachment-full size-full wp-image-872\" alt=\"G\u00f6z Sa\u011fl\u0131\u011f\u0131n\u0131 Koruman\u0131n Yollar\u0131\" srcset=\"https:\/\/drdenizkilic.com\/wp-content\/uploads\/2024\/06\/goz-sagligini-korumanin-yollari.jpg 1200w, https:\/\/drdenizkilic.com\/wp-content\/uploads\/2024\/06\/goz-sagligini-korumanin-yollari-300x150.jpg 300w, https:\/\/drdenizkilic.com\/wp-content\/uploads\/2024\/06\/goz-sagligini-korumanin-yollari-1024x512.jpg 1024w, https:\/\/drdenizkilic.com\/wp-content\/uploads\/2024\/06\/goz-sagligini-korumanin-yollari-768x384.jpg 768w\" sizes=\"(max-width: 1200px) 100vw, 1200px\" \/>\t\t\t\t\t\t\t\t<\/a>\n\t\t\t\t\t\t\t\t\t\t\t\t\t\t\t<\/div>\n\t\t\t\t<\/div>\n\t\t\t\t<section class=\"elementor-section elementor-inner-section elementor-element elementor-element-7200b02 elementor-section-boxed elementor-section-height-default elementor-section-height-default\" data-id=\"7200b02\" data-element_type=\"section\" data-e-type=\"section\" data-settings=\"{&quot;background_background&quot;:&quot;classic&quot;}\">\n\t\t\t\t\t\t<div class=\"elementor-container elementor-column-gap-default\">\n\t\t\t\t\t<div class=\"elementor-column elementor-col-100 elementor-inner-column elementor-element elementor-element-e7dfda2\" data-id=\"e7dfda2\" data-element_type=\"column\" data-e-type=\"column\">\n\t\t\t<div class=\"elementor-widget-wrap elementor-element-populated\">\n\t\t\t\t\t\t<div class=\"elementor-element elementor-element-21dd7ed elementor-widget elementor-widget-theme-post-title elementor-page-title elementor-widget-heading\" data-id=\"21dd7ed\" data-element_type=\"widget\" data-e-type=\"widget\" data-widget_type=\"theme-post-title.default\">\n\t\t\t\t<div class=\"elementor-widget-container\">\n\t\t\t\t\t<h4 class=\"elementor-heading-title elementor-size-default\"><a href=\"https:\/\/drdenizkilic.com\/en\/ways-to-maintain-eye-health\/\">Ways to Maintain Eye Health<\/a><\/h4>\t\t\t\t<\/div>\n\t\t\t\t<\/div>\n\t\t\t\t<div class=\"elementor-element elementor-element-2cd43f1 elementor-align-center elementor-widget elementor-widget-button\" data-id=\"2cd43f1\" data-element_type=\"widget\" data-e-type=\"widget\" data-widget_type=\"button.default\">\n\t\t\t\t<div class=\"elementor-widget-container\">\n\t\t\t\t\t\t\t\t\t<div class=\"elementor-button-wrapper\">\n\t\t\t\t\t<a class=\"elementor-button elementor-button-link elementor-size-sm\" href=\"https:\/\/drdenizkilic.com\/en\/ways-to-maintain-eye-health\/\">\n\t\t\t\t\t\t<span class=\"elementor-button-content-wrapper\">\n\t\t\t\t\t\t\t\t\t<span class=\"elementor-button-text\">For more...<\/span>\n\t\t\t\t\t<\/span>\n\t\t\t\t\t<\/a>\n\t\t\t\t<\/div>\n\t\t\t\t\t\t\t\t<\/div>\n\t\t\t\t<\/div>\n\t\t\t\t\t<\/div>\n\t\t<\/div>\n\t\t\t\t\t<\/div>\n\t\t<\/section>\n\t\t\t\t\t<\/div>\n\t\t<\/div>\n\t\t\t\t\t<\/div>\n\t\t<\/section>\n\t\t\t\t<\/div>\n\t\t\t\t<div data-elementor-type=\"loop-item\" data-elementor-id=\"1036\" class=\"elementor elementor-1036 elementor-59 elementor-59 e-loop-item e-loop-item-1033 post-1033 post type-post status-publish format-standard has-post-thumbnail hentry\" data-elementor-post-type=\"elementor_library\" data-custom-edit-handle=\"1\">\n\t\t\t\t\t<section class=\"elementor-section elementor-top-section elementor-element elementor-element-af93d2e elementor-section-boxed elementor-section-height-default elementor-section-height-default\" data-id=\"af93d2e\" data-element_type=\"section\" data-e-type=\"section\">\n\t\t\t\t\t\t<div class=\"elementor-container elementor-column-gap-default\">\n\t\t\t\t\t<div class=\"elementor-column elementor-col-100 elementor-top-column elementor-element elementor-element-b063dce\" data-id=\"b063dce\" data-element_type=\"column\" data-e-type=\"column\">\n\t\t\t<div class=\"elementor-widget-wrap elementor-element-populated\">\n\t\t\t\t\t\t<div class=\"elementor-element elementor-element-e072fac elementor-widget elementor-widget-theme-post-featured-image elementor-widget-image\" data-id=\"e072fac\" data-element_type=\"widget\" data-e-type=\"widget\" data-widget_type=\"theme-post-featured-image.default\">\n\t\t\t\t<div class=\"elementor-widget-container\">\n\t\t\t\t\t\t\t\t\t\t\t\t\t\t\t\t<a href=\"https:\/\/drdenizkilic.com\/en\/innovative-treatment-methods-in-eye-diseases\/\">\n\t\t\t\t\t\t\t<img decoding=\"async\" width=\"1200\" height=\"600\" src=\"https:\/\/drdenizkilic.com\/wp-content\/uploads\/2024\/06\/goz-hastaliklarinda-yenilikci-goz-tedavileri.jpg\" class=\"attachment-full size-full wp-image-871\" alt=\"G\u00f6z Hastal\u0131klar\u0131nda Yenilik\u00e7i Tedavi Y\u00f6ntemleri\" srcset=\"https:\/\/drdenizkilic.com\/wp-content\/uploads\/2024\/06\/goz-hastaliklarinda-yenilikci-goz-tedavileri.jpg 1200w, https:\/\/drdenizkilic.com\/wp-content\/uploads\/2024\/06\/goz-hastaliklarinda-yenilikci-goz-tedavileri-300x150.jpg 300w, https:\/\/drdenizkilic.com\/wp-content\/uploads\/2024\/06\/goz-hastaliklarinda-yenilikci-goz-tedavileri-1024x512.jpg 1024w, https:\/\/drdenizkilic.com\/wp-content\/uploads\/2024\/06\/goz-hastaliklarinda-yenilikci-goz-tedavileri-768x384.jpg 768w\" sizes=\"(max-width: 1200px) 100vw, 1200px\" \/>\t\t\t\t\t\t\t\t<\/a>\n\t\t\t\t\t\t\t\t\t\t\t\t\t\t\t<\/div>\n\t\t\t\t<\/div>\n\t\t\t\t<section class=\"elementor-section elementor-inner-section elementor-element elementor-element-7200b02 elementor-section-boxed elementor-section-height-default elementor-section-height-default\" data-id=\"7200b02\" data-element_type=\"section\" data-e-type=\"section\" data-settings=\"{&quot;background_background&quot;:&quot;classic&quot;}\">\n\t\t\t\t\t\t<div class=\"elementor-container elementor-column-gap-default\">\n\t\t\t\t\t<div class=\"elementor-column elementor-col-100 elementor-inner-column elementor-element elementor-element-e7dfda2\" data-id=\"e7dfda2\" data-element_type=\"column\" data-e-type=\"column\">\n\t\t\t<div class=\"elementor-widget-wrap elementor-element-populated\">\n\t\t\t\t\t\t<div class=\"elementor-element elementor-element-21dd7ed elementor-widget elementor-widget-theme-post-title elementor-page-title elementor-widget-heading\" data-id=\"21dd7ed\" data-element_type=\"widget\" data-e-type=\"widget\" data-widget_type=\"theme-post-title.default\">\n\t\t\t\t<div class=\"elementor-widget-container\">\n\t\t\t\t\t<h4 class=\"elementor-heading-title elementor-size-default\"><a href=\"https:\/\/drdenizkilic.com\/en\/innovative-treatment-methods-in-eye-diseases\/\">Innovative Treatment Methods in Eye Diseases<\/a><\/h4>\t\t\t\t<\/div>\n\t\t\t\t<\/div>\n\t\t\t\t<div class=\"elementor-element elementor-element-2cd43f1 elementor-align-center elementor-widget elementor-widget-button\" data-id=\"2cd43f1\" data-element_type=\"widget\" data-e-type=\"widget\" data-widget_type=\"button.default\">\n\t\t\t\t<div class=\"elementor-widget-container\">\n\t\t\t\t\t\t\t\t\t<div class=\"elementor-button-wrapper\">\n\t\t\t\t\t<a class=\"elementor-button elementor-button-link elementor-size-sm\" href=\"https:\/\/drdenizkilic.com\/en\/innovative-treatment-methods-in-eye-diseases\/\">\n\t\t\t\t\t\t<span class=\"elementor-button-content-wrapper\">\n\t\t\t\t\t\t\t\t\t<span class=\"elementor-button-text\">For more...<\/span>\n\t\t\t\t\t<\/span>\n\t\t\t\t\t<\/a>\n\t\t\t\t<\/div>\n\t\t\t\t\t\t\t\t<\/div>\n\t\t\t\t<\/div>\n\t\t\t\t\t<\/div>\n\t\t<\/div>\n\t\t\t\t\t<\/div>\n\t\t<\/section>\n\t\t\t\t\t<\/div>\n\t\t<\/div>\n\t\t\t\t\t<\/div>\n\t\t<\/section>\n\t\t\t\t<\/div>\n\t\t\t\t<\/div>\n\t\t\n\t\t\t\t\t\t<\/div>\n\t\t\t\t<\/div>\n\t\t\t\t\t<\/div>\n\t\t<\/div>\n\t\t\t\t\t<\/div>\n\t\t<\/section>\n\t\t\t\t<\/div>\n\t\t","protected":false},"excerpt":{"rendered":"<p>Welcome to the official blog of Assoc. Prof. Dr. Deniz K\u0131l\u0131\u00e7&#8217;s clinic, your dedicated source for the latest advancements in eye health and specialized treatments in Izmir. This page is designed to provide comprehensive, reliable information on various ophthalmic procedures, including modern refractive surgeries like LASIK, SMILE eye surgery, cataract surgery, and premium intraocular lens [&hellip;]<\/p>\n","protected":false},"author":1,"featured_media":0,"parent":0,"menu_order":0,"comment_status":"closed","ping_status":"closed","template":"","meta":{"_acf_changed":false,"footnotes":""},"class_list":["post-1018","page","type-page","status-publish","hentry"],"acf":[],"_links":{"self":[{"href":"https:\/\/drdenizkilic.com\/en\/wp-json\/wp\/v2\/pages\/1018","targetHints":{"allow":["GET"]}}],"collection":[{"href":"https:\/\/drdenizkilic.com\/en\/wp-json\/wp\/v2\/pages"}],"about":[{"href":"https:\/\/drdenizkilic.com\/en\/wp-json\/wp\/v2\/types\/page"}],"author":[{"embeddable":true,"href":"https:\/\/drdenizkilic.com\/en\/wp-json\/wp\/v2\/users\/1"}],"replies":[{"embeddable":true,"href":"https:\/\/drdenizkilic.com\/en\/wp-json\/wp\/v2\/comments?post=1018"}],"version-history":[{"count":7,"href":"https:\/\/drdenizkilic.com\/en\/wp-json\/wp\/v2\/pages\/1018\/revisions"}],"predecessor-version":[{"id":2210,"href":"https:\/\/drdenizkilic.com\/en\/wp-json\/wp\/v2\/pages\/1018\/revisions\/2210"}],"wp:attachment":[{"href":"https:\/\/drdenizkilic.com\/en\/wp-json\/wp\/v2\/media?parent=1018"}],"curies":[{"name":"wp","href":"https:\/\/api.w.org\/{rel}","templated":true}]}}