{"id":1039,"date":"2024-06-14T08:13:26","date_gmt":"2024-06-14T08:13:26","guid":{"rendered":"https:\/\/drdenizkilic.com\/cerez-politikasi\/"},"modified":"2025-12-09T06:38:31","modified_gmt":"2025-12-09T06:38:31","slug":"cookie-policy","status":"publish","type":"page","link":"https:\/\/drdenizkilic.com\/en\/cookie-policy\/","title":{"rendered":"Cookie Policy"},"content":{"rendered":"\t\t<div data-elementor-type=\"wp-page\" data-elementor-id=\"1039\" class=\"elementor elementor-1039 elementor-717\" data-elementor-post-type=\"page\">\n\t\t\t\t\t\t<section class=\"elementor-section elementor-top-section elementor-element elementor-element-28838d3 elementor-section-height-min-height elementor-section-boxed elementor-section-height-default elementor-section-items-middle\" data-id=\"28838d3\" data-element_type=\"section\" data-e-type=\"section\" data-settings=\"{&quot;background_background&quot;:&quot;classic&quot;}\">\n\t\t\t\t\t\t<div class=\"elementor-container elementor-column-gap-default\">\n\t\t\t\t\t<div class=\"elementor-column elementor-col-100 elementor-top-column elementor-element elementor-element-a918eca\" data-id=\"a918eca\" data-element_type=\"column\" data-e-type=\"column\">\n\t\t\t<div class=\"elementor-widget-wrap elementor-element-populated\">\n\t\t\t\t\t\t<section class=\"elementor-section elementor-inner-section elementor-element elementor-element-0af32bb elementor-section-boxed elementor-section-height-default elementor-section-height-default\" data-id=\"0af32bb\" data-element_type=\"section\" data-e-type=\"section\">\n\t\t\t\t\t\t<div class=\"elementor-container elementor-column-gap-default\">\n\t\t\t\t\t<div class=\"elementor-column elementor-col-50 elementor-inner-column elementor-element elementor-element-ef75d8a\" data-id=\"ef75d8a\" data-element_type=\"column\" data-e-type=\"column\">\n\t\t\t<div class=\"elementor-widget-wrap elementor-element-populated\">\n\t\t\t\t\t\t<div class=\"elementor-element elementor-element-31144f4 elementor-widget elementor-widget-shortcode\" data-id=\"31144f4\" data-element_type=\"widget\" data-e-type=\"widget\" data-widget_type=\"shortcode.default\">\n\t\t\t\t<div class=\"elementor-widget-container\">\n\t\t\t\t\t\t\t<div class=\"elementor-shortcode\"><\/div>\n\t\t\t\t\t\t<\/div>\n\t\t\t\t<\/div>\n\t\t\t\t\t<\/div>\n\t\t<\/div>\n\t\t\t\t<div class=\"elementor-column elementor-col-50 elementor-inner-column elementor-element elementor-element-544f371\" data-id=\"544f371\" data-element_type=\"column\" data-e-type=\"column\">\n\t\t\t<div class=\"elementor-widget-wrap\">\n\t\t\t\t\t\t\t<\/div>\n\t\t<\/div>\n\t\t\t\t\t<\/div>\n\t\t<\/section>\n\t\t\t\t\t<\/div>\n\t\t<\/div>\n\t\t\t\t\t<\/div>\n\t\t<\/section>\n\t\t\t\t<section class=\"elementor-section elementor-top-section elementor-element elementor-element-7283a4a elementor-section-boxed elementor-section-height-default elementor-section-height-default\" data-id=\"7283a4a\" data-element_type=\"section\" data-e-type=\"section\">\n\t\t\t\t\t\t<div class=\"elementor-container elementor-column-gap-default\">\n\t\t\t\t\t<div class=\"elementor-column elementor-col-100 elementor-top-column elementor-element elementor-element-f9a9508\" data-id=\"f9a9508\" data-element_type=\"column\" data-e-type=\"column\">\n\t\t\t<div class=\"elementor-widget-wrap elementor-element-populated\">\n\t\t\t\t\t\t<div class=\"elementor-element elementor-element-229afc8 elementor-widget elementor-widget-text-editor\" data-id=\"229afc8\" data-element_type=\"widget\" data-e-type=\"widget\" data-widget_type=\"text-editor.default\">\n\t\t\t\t<div class=\"elementor-widget-container\">\n\t\t\t\t\t\t\t\t\t<p><strong>\u00c7erez Politikas\u0131<\/strong><\/p><p>Bu \u00e7erez politikas\u0131 (&#8220;Politika&#8221;), Do\u00e7. Dr. Deniz K\u0131l\u0131\u00e7 (&#8220;Biz&#8221;, &#8220;Bizim&#8221; veya &#8220;Bize&#8221;) taraf\u0131ndan, web sitemizi (&#8220;Web Sitesi&#8221;) ziyaret eden kullan\u0131c\u0131lar\u0131n (&#8220;Siz&#8221;, &#8220;Sizin&#8221;) ki\u015fisel verilerinin \u00e7erezler yoluyla nas\u0131l topland\u0131\u011f\u0131n\u0131 ve i\u015flendi\u011fini a\u00e7\u0131klamaktad\u0131r. Web sitemizi kullanarak bu Politika&#8217;da belirtilen \u00e7erezlerin kullan\u0131m\u0131n\u0131 kabul etmi\u015f olursunuz.<\/p><p><strong>\u00c7erez Nedir?<\/strong><\/p><p>\u00c7erezler, web sitemizi ziyaret etti\u011finizde taray\u0131c\u0131n\u0131za g\u00f6nderilen ve cihaz\u0131n\u0131zda saklanan k\u00fc\u00e7\u00fck veri dosyalar\u0131d\u0131r. \u00c7erezler, web sitesinin daha verimli \u00e7al\u0131\u015fmas\u0131na yard\u0131mc\u0131 olur, kullan\u0131c\u0131 deneyimini geli\u015ftirir ve site sahiplerine bilgi sa\u011flar.<\/p><p><strong>\u00c7erez T\u00fcrleri<\/strong><\/p><ol><li><p><strong>Zorunlu \u00c7erezler:<\/strong> Bu \u00e7erezler, web sitemizin d\u00fczg\u00fcn \u00e7al\u0131\u015fabilmesi i\u00e7in gereklidir. Bu \u00e7erezler olmadan, web sitemizi kullanman\u0131z m\u00fcmk\u00fcn olmaz.<\/p><\/li><li><p><strong>Performans \u00c7erezleri:<\/strong> Bu \u00e7erezler, ziyaret\u00e7ilerin web sitemizi nas\u0131l kulland\u0131\u011f\u0131 hakk\u0131nda bilgi toplar. Bu bilgiler, web sitemizin performans\u0131n\u0131 art\u0131rmak i\u00e7in kullan\u0131l\u0131r. Bu \u00e7erezler anonim olarak bilgi toplar.<\/p><\/li><li><p><strong>Fonksiyonel \u00c7erezler:<\/strong> Bu \u00e7erezler, web sitemizi daha ki\u015fisel ve kullan\u0131c\u0131 dostu hale getirmek i\u00e7in kullan\u0131l\u0131r. \u00d6rne\u011fin, dil tercihlerinizi veya oturum a\u00e7ma bilgilerinizi hat\u0131rlayabilirler.<\/p><\/li><li><p><strong>Hedefleme ve Reklam \u00c7erezleri:<\/strong> Bu \u00e7erezler, ilgi alanlar\u0131n\u0131za daha uygun reklamlar sunmak i\u00e7in kullan\u0131l\u0131r. Ayr\u0131ca, reklam kampanyalar\u0131n\u0131n etkinli\u011fini \u00f6l\u00e7memize yard\u0131mc\u0131 olurlar.<\/p><\/li><\/ol><p><strong>\u00c7erezlerin Kullan\u0131m Ama\u00e7lar\u0131<\/strong><\/p><p>Web sitemizde a\u015fa\u011f\u0131daki ama\u00e7larla \u00e7erezler kullan\u0131yoruz:<\/p><ul><li>Web sitemizin d\u00fczg\u00fcn \u00e7al\u0131\u015fmas\u0131n\u0131 sa\u011flamak,<\/li><li>Kullan\u0131c\u0131 deneyimini iyile\u015ftirmek,<\/li><li>Web sitesi trafi\u011fini analiz etmek,<\/li><li>Pazarlama ve reklam faaliyetlerini desteklemek.<\/li><\/ul><p><strong>\u00c7erez Y\u00f6netimi<\/strong><\/p><p>Taray\u0131c\u0131n\u0131z\u0131n ayarlar\u0131n\u0131 de\u011fi\u015ftirerek \u00e7erezleri kabul edebilir veya reddedebilirsiniz. \u00c7erezleri devre d\u0131\u015f\u0131 b\u0131rakmay\u0131 se\u00e7erseniz, web sitemizin baz\u0131 \u00f6zellikleri \u00e7al\u0131\u015fmayabilir veya eri\u015fiminiz k\u0131s\u0131tlanabilir.<\/p><p><strong>\u00dc\u00e7\u00fcnc\u00fc Taraf \u00c7erezler<\/strong><\/p><p>Web sitemizde, \u00fc\u00e7\u00fcnc\u00fc taraf hizmet sa\u011flay\u0131c\u0131lar\u0131n\u0131n \u00e7erezlerini kullanabiliriz. Bu \u00e7erezler, \u00fc\u00e7\u00fcnc\u00fc taraflar\u0131n kendi politikalar\u0131na tabidir.<\/p><p><strong>Politika De\u011fi\u015fiklikleri<\/strong><\/p><p>Bu Politika zaman zaman g\u00fcncellenebilir. Herhangi bir de\u011fi\u015fiklik durumunda, g\u00fcncellenmi\u015f politika web sitemizde yay\u0131nlanacakt\u0131r. De\u011fi\u015fikliklerden haberdar olmak i\u00e7in bu sayfay\u0131 d\u00fczenli olarak kontrol etmenizi \u00f6neririz.<\/p><p><strong>\u0130leti\u015fim<\/strong><\/p><p>Bu Politika hakk\u0131nda herhangi bir sorunuz varsa veya \u00e7erezler hakk\u0131nda daha fazla bilgi almak isterseniz, l\u00fctfen bize a\u015fa\u011f\u0131daki ileti\u015fim bilgilerini kullanarak ula\u015f\u0131n:<\/p><p><strong>Firma Ad\u0131:<\/strong> Do\u00e7. Dr. Deniz K\u0131l\u0131\u00e7<br \/><strong>Telefon:<\/strong> +90 530 905 36 49<br \/><strong>Konum:<\/strong> Alsancak, Ali \u00c7etinkaya Blv No:79, 35220, 35001 Konak\/\u0130zmir<br \/><strong>Email:<\/strong> <a rel=\"noreferrer\">info@drdenizkilic.com<\/a><\/p><p>Bu Politika, son olarak [14.06.2024] tarihinde g\u00fcncellenmi\u015ftir.<\/p>\t\t\t\t\t\t\t\t<\/div>\n\t\t\t\t<\/div>\n\t\t\t\t\t<\/div>\n\t\t<\/div>\n\t\t\t\t\t<\/div>\n\t\t<\/section>\n\t\t\t\t<\/div>\n\t\t","protected":false},"excerpt":{"rendered":"<p>\u00c7erez Politikas\u0131 Bu \u00e7erez politikas\u0131 (&#8220;Politika&#8221;), Do\u00e7. Dr. Deniz K\u0131l\u0131\u00e7 (&#8220;Biz&#8221;, &#8220;Bizim&#8221; veya &#8220;Bize&#8221;) taraf\u0131ndan, web sitemizi (&#8220;Web Sitesi&#8221;) ziyaret eden kullan\u0131c\u0131lar\u0131n (&#8220;Siz&#8221;, &#8220;Sizin&#8221;) ki\u015fisel verilerinin \u00e7erezler yoluyla nas\u0131l topland\u0131\u011f\u0131n\u0131 ve i\u015flendi\u011fini a\u00e7\u0131klamaktad\u0131r. Web sitemizi kullanarak bu Politika&#8217;da belirtilen \u00e7erezlerin kullan\u0131m\u0131n\u0131 kabul etmi\u015f olursunuz. \u00c7erez Nedir? \u00c7erezler, web sitemizi ziyaret etti\u011finizde taray\u0131c\u0131n\u0131za g\u00f6nderilen ve cihaz\u0131n\u0131zda [&hellip;]<\/p>\n","protected":false},"author":1,"featured_media":0,"parent":0,"menu_order":0,"comment_status":"closed","ping_status":"closed","template":"","meta":{"_acf_changed":false,"footnotes":""},"class_list":["post-1039","page","type-page","status-publish","hentry"],"acf":[],"_links":{"self":[{"href":"https:\/\/drdenizkilic.com\/en\/wp-json\/wp\/v2\/pages\/1039","targetHints":{"allow":["GET"]}}],"collection":[{"href":"https:\/\/drdenizkilic.com\/en\/wp-json\/wp\/v2\/pages"}],"about":[{"href":"https:\/\/drdenizkilic.com\/en\/wp-json\/wp\/v2\/types\/page"}],"author":[{"embeddable":true,"href":"https:\/\/drdenizkilic.com\/en\/wp-json\/wp\/v2\/users\/1"}],"replies":[{"embeddable":true,"href":"https:\/\/drdenizkilic.com\/en\/wp-json\/wp\/v2\/comments?post=1039"}],"version-history":[{"count":14,"href":"https:\/\/drdenizkilic.com\/en\/wp-json\/wp\/v2\/pages\/1039\/revisions"}],"predecessor-version":[{"id":2202,"href":"https:\/\/drdenizkilic.com\/en\/wp-json\/wp\/v2\/pages\/1039\/revisions\/2202"}],"wp:attachment":[{"href":"https:\/\/drdenizkilic.com\/en\/wp-json\/wp\/v2\/media?parent=1039"}],"curies":[{"name":"wp","href":"https:\/\/api.w.org\/{rel}","templated":true}]}}