{"id":1050,"date":"2024-06-14T08:14:45","date_gmt":"2024-06-14T08:14:45","guid":{"rendered":"https:\/\/drdenizkilic.com\/gizlilik-politikasi\/"},"modified":"2025-09-10T07:21:10","modified_gmt":"2025-09-10T07:21:10","slug":"privacy-policy","status":"publish","type":"page","link":"https:\/\/drdenizkilic.com\/en\/privacy-policy\/","title":{"rendered":"Privacy Policy"},"content":{"rendered":"\t\t<div data-elementor-type=\"wp-page\" data-elementor-id=\"1050\" class=\"elementor elementor-1050 elementor-728\" data-elementor-post-type=\"page\">\n\t\t\t\t\t\t<section class=\"elementor-section elementor-top-section elementor-element elementor-element-28838d3 elementor-section-height-min-height elementor-section-boxed elementor-section-height-default elementor-section-items-middle\" data-id=\"28838d3\" data-element_type=\"section\" data-e-type=\"section\" data-settings=\"{&quot;background_background&quot;:&quot;classic&quot;}\">\n\t\t\t\t\t\t<div class=\"elementor-container elementor-column-gap-default\">\n\t\t\t\t\t<div class=\"elementor-column elementor-col-100 elementor-top-column elementor-element elementor-element-a918eca\" data-id=\"a918eca\" data-element_type=\"column\" data-e-type=\"column\">\n\t\t\t<div class=\"elementor-widget-wrap elementor-element-populated\">\n\t\t\t\t\t\t<section class=\"elementor-section elementor-inner-section elementor-element elementor-element-0af32bb elementor-section-boxed elementor-section-height-default elementor-section-height-default\" data-id=\"0af32bb\" data-element_type=\"section\" data-e-type=\"section\">\n\t\t\t\t\t\t<div class=\"elementor-container elementor-column-gap-default\">\n\t\t\t\t\t<div class=\"elementor-column elementor-col-50 elementor-inner-column elementor-element elementor-element-ef75d8a\" data-id=\"ef75d8a\" data-element_type=\"column\" data-e-type=\"column\">\n\t\t\t<div class=\"elementor-widget-wrap elementor-element-populated\">\n\t\t\t\t\t\t<div class=\"elementor-element elementor-element-f0615c8 elementor-widget elementor-widget-shortcode\" data-id=\"f0615c8\" data-element_type=\"widget\" data-e-type=\"widget\" data-widget_type=\"shortcode.default\">\n\t\t\t\t<div class=\"elementor-widget-container\">\n\t\t\t\t\t\t\t<div class=\"elementor-shortcode\"><\/div>\n\t\t\t\t\t\t<\/div>\n\t\t\t\t<\/div>\n\t\t\t\t\t<\/div>\n\t\t<\/div>\n\t\t\t\t<div class=\"elementor-column elementor-col-50 elementor-inner-column elementor-element elementor-element-544f371\" data-id=\"544f371\" data-element_type=\"column\" data-e-type=\"column\">\n\t\t\t<div class=\"elementor-widget-wrap\">\n\t\t\t\t\t\t\t<\/div>\n\t\t<\/div>\n\t\t\t\t\t<\/div>\n\t\t<\/section>\n\t\t\t\t\t<\/div>\n\t\t<\/div>\n\t\t\t\t\t<\/div>\n\t\t<\/section>\n\t\t\t\t<section class=\"elementor-section elementor-top-section elementor-element elementor-element-7283a4a elementor-section-boxed elementor-section-height-default elementor-section-height-default\" data-id=\"7283a4a\" data-element_type=\"section\" data-e-type=\"section\">\n\t\t\t\t\t\t<div class=\"elementor-container elementor-column-gap-default\">\n\t\t\t\t\t<div class=\"elementor-column elementor-col-100 elementor-top-column elementor-element elementor-element-f9a9508\" data-id=\"f9a9508\" data-element_type=\"column\" data-e-type=\"column\">\n\t\t\t<div class=\"elementor-widget-wrap elementor-element-populated\">\n\t\t\t\t\t\t<div class=\"elementor-element elementor-element-229afc8 elementor-widget elementor-widget-text-editor\" data-id=\"229afc8\" data-element_type=\"widget\" data-e-type=\"widget\" data-widget_type=\"text-editor.default\">\n\t\t\t\t<div class=\"elementor-widget-container\">\n\t\t\t\t\t\t\t\t\t<h5>Privacy Policy<\/h5><p>This Privacy Policy (&#8220;Policy&#8221;) describes how Assoc. Prof. Dr. Deniz K\u0131l\u0131\u00e7 (&#8220;We&#8221;, &#8220;Our&#8221; or &#8220;Us&#8221;) collects, uses, and protects the personal data of users (&#8220;You&#8221;) who visit our website (&#8220;Website&#8221;). By using our Website, you agree to the practices described in this Policy.<\/p><h5>Information Collected<\/h5><p>When you visit our Website, we may collect various types of information, which may include:<\/p><ul><li><strong>Personal Information:<\/strong> Information directly associated with you, such as your name, surname, email address, and phone number.<\/li><li><strong>Technical Information:<\/strong> Technical data such as your IP address, browser type, operating system, the date and time of your visit to our website.<\/li><li><strong>Cookies and Similar Technologies:<\/strong> We may use cookies and similar technologies to track your use of our Website and personalize your experience.<\/li><\/ul><h5>Use of Information<\/h5><p>The information we collect may be used for the following purposes:<\/p><ul><li>To provide and improve our services,<\/li><li>To analyze the performance and usage of our Website,<\/li><li>To communicate with you and respond to your requests,<\/li><li>To conduct marketing and promotional activities,<\/li><li>To fulfill our legal obligations.<\/li><\/ul><h5>Information Sharing<\/h5><p>We may share your personal information with third parties in the following circumstances:<\/p><ul><li>When we need to collaborate with service providers,<\/li><li>To comply with legal requirements,<\/li><li>To protect the security of our Website and our rights.<\/li><\/ul><h5>Information Security<\/h5><p>We take appropriate technical and organizational measures to protect your personal information. However, no data transmission over the Internet can be guaranteed to be completely secure. We do our best to protect your personal information.<\/p><h5>Your Rights Over Your Personal Information<\/h5><p>You have the following rights regarding your personal information:<\/p><ul><li>The right to be informed: To know whether your personal data is being processed,<\/li><li>The right of access: To request access to your personal data,<\/li><li>The right to rectification: To request correction of inaccurate or incomplete information,<\/li><li>The right to erasure: To request the deletion of your personal data,<\/li><li>The right to object: To object to the processing of your personal data.<\/li><\/ul><p>If you wish to exercise any of these rights, please contact us using the contact information provided above.<\/p><h5>Policy Changes<\/h5><p>This Policy may be updated from time to time. In case of any changes, the updated policy will be published on our Website. We recommend that you check this page regularly to stay informed about changes.<\/p><h5>Contact<\/h5><p>If you have any questions about this Policy or wish to learn more about our privacy practices, please contact us using the following information:<\/p><p><strong>Company Name:<\/strong> Assoc. Prof. Dr. Deniz K\u0131l\u0131\u00e7<br \/><strong>Phone:<\/strong> +90 530 905 36 49<br \/><strong>Location:<\/strong> Alsancak, Ali \u00c7etinkaya Blvd No:79, 35220, 35001 Konak\/Izmir<br \/><strong>Email:<\/strong> info@drdenizkilic.com<\/p><p>This Policy was last updated on [14.06.2024].<\/p>\t\t\t\t\t\t\t\t<\/div>\n\t\t\t\t<\/div>\n\t\t\t\t\t<\/div>\n\t\t<\/div>\n\t\t\t\t\t<\/div>\n\t\t<\/section>\n\t\t\t\t<\/div>\n\t\t","protected":false},"excerpt":{"rendered":"<p>Privacy Policy This Privacy Policy (&#8220;Policy&#8221;) describes how Assoc. Prof. Dr. Deniz K\u0131l\u0131\u00e7 (&#8220;We&#8221;, &#8220;Our&#8221; or &#8220;Us&#8221;) collects, uses, and protects the personal data of users (&#8220;You&#8221;) who visit our website (&#8220;Website&#8221;). By using our Website, you agree to the practices described in this Policy. Information Collected When you visit our Website, we may collect [&hellip;]<\/p>\n","protected":false},"author":1,"featured_media":0,"parent":0,"menu_order":0,"comment_status":"closed","ping_status":"closed","template":"","meta":{"_acf_changed":false,"footnotes":""},"class_list":["post-1050","page","type-page","status-publish","hentry"],"acf":[],"_links":{"self":[{"href":"https:\/\/drdenizkilic.com\/en\/wp-json\/wp\/v2\/pages\/1050","targetHints":{"allow":["GET"]}}],"collection":[{"href":"https:\/\/drdenizkilic.com\/en\/wp-json\/wp\/v2\/pages"}],"about":[{"href":"https:\/\/drdenizkilic.com\/en\/wp-json\/wp\/v2\/types\/page"}],"author":[{"embeddable":true,"href":"https:\/\/drdenizkilic.com\/en\/wp-json\/wp\/v2\/users\/1"}],"replies":[{"embeddable":true,"href":"https:\/\/drdenizkilic.com\/en\/wp-json\/wp\/v2\/comments?post=1050"}],"version-history":[{"count":7,"href":"https:\/\/drdenizkilic.com\/en\/wp-json\/wp\/v2\/pages\/1050\/revisions"}],"predecessor-version":[{"id":2151,"href":"https:\/\/drdenizkilic.com\/en\/wp-json\/wp\/v2\/pages\/1050\/revisions\/2151"}],"wp:attachment":[{"href":"https:\/\/drdenizkilic.com\/en\/wp-json\/wp\/v2\/media?parent=1050"}],"curies":[{"name":"wp","href":"https:\/\/api.w.org\/{rel}","templated":true}]}}