{"id":1056,"date":"2024-06-14T08:17:10","date_gmt":"2024-06-14T08:17:10","guid":{"rendered":"https:\/\/drdenizkilic.com\/kvkk\/"},"modified":"2025-09-10T07:21:31","modified_gmt":"2025-09-10T07:21:31","slug":"gdpr","status":"publish","type":"page","link":"https:\/\/drdenizkilic.com\/en\/gdpr\/","title":{"rendered":"GDPR"},"content":{"rendered":"\t\t<div data-elementor-type=\"wp-page\" data-elementor-id=\"1056\" class=\"elementor elementor-1056 elementor-736\" data-elementor-post-type=\"page\">\n\t\t\t\t\t\t<section class=\"elementor-section elementor-top-section elementor-element elementor-element-28838d3 elementor-section-height-min-height elementor-section-boxed elementor-section-height-default elementor-section-items-middle\" data-id=\"28838d3\" data-element_type=\"section\" data-e-type=\"section\" data-settings=\"{&quot;background_background&quot;:&quot;classic&quot;}\">\n\t\t\t\t\t\t<div class=\"elementor-container elementor-column-gap-default\">\n\t\t\t\t\t<div class=\"elementor-column elementor-col-100 elementor-top-column elementor-element elementor-element-a918eca\" data-id=\"a918eca\" data-element_type=\"column\" data-e-type=\"column\">\n\t\t\t<div class=\"elementor-widget-wrap elementor-element-populated\">\n\t\t\t\t\t\t<section class=\"elementor-section elementor-inner-section elementor-element elementor-element-0af32bb elementor-section-boxed elementor-section-height-default elementor-section-height-default\" data-id=\"0af32bb\" data-element_type=\"section\" data-e-type=\"section\">\n\t\t\t\t\t\t<div class=\"elementor-container elementor-column-gap-default\">\n\t\t\t\t\t<div class=\"elementor-column elementor-col-50 elementor-inner-column elementor-element elementor-element-ef75d8a\" data-id=\"ef75d8a\" data-element_type=\"column\" data-e-type=\"column\">\n\t\t\t<div class=\"elementor-widget-wrap elementor-element-populated\">\n\t\t\t\t\t\t<div class=\"elementor-element elementor-element-5ece997 elementor-widget elementor-widget-shortcode\" data-id=\"5ece997\" data-element_type=\"widget\" data-e-type=\"widget\" data-widget_type=\"shortcode.default\">\n\t\t\t\t<div class=\"elementor-widget-container\">\n\t\t\t\t\t\t\t<div class=\"elementor-shortcode\"><\/div>\n\t\t\t\t\t\t<\/div>\n\t\t\t\t<\/div>\n\t\t\t\t\t<\/div>\n\t\t<\/div>\n\t\t\t\t<div class=\"elementor-column elementor-col-50 elementor-inner-column elementor-element elementor-element-544f371\" data-id=\"544f371\" data-element_type=\"column\" data-e-type=\"column\">\n\t\t\t<div class=\"elementor-widget-wrap\">\n\t\t\t\t\t\t\t<\/div>\n\t\t<\/div>\n\t\t\t\t\t<\/div>\n\t\t<\/section>\n\t\t\t\t\t<\/div>\n\t\t<\/div>\n\t\t\t\t\t<\/div>\n\t\t<\/section>\n\t\t\t\t<section class=\"elementor-section elementor-top-section elementor-element elementor-element-7283a4a elementor-section-boxed elementor-section-height-default elementor-section-height-default\" data-id=\"7283a4a\" data-element_type=\"section\" data-e-type=\"section\">\n\t\t\t\t\t\t<div class=\"elementor-container elementor-column-gap-default\">\n\t\t\t\t\t<div class=\"elementor-column elementor-col-100 elementor-top-column elementor-element elementor-element-f9a9508\" data-id=\"f9a9508\" data-element_type=\"column\" data-e-type=\"column\">\n\t\t\t<div class=\"elementor-widget-wrap elementor-element-populated\">\n\t\t\t\t\t\t<div class=\"elementor-element elementor-element-229afc8 elementor-widget elementor-widget-text-editor\" data-id=\"229afc8\" data-element_type=\"widget\" data-e-type=\"widget\" data-widget_type=\"text-editor.default\">\n\t\t\t\t<div class=\"elementor-widget-container\">\n\t\t\t\t\t\t\t\t\t<h5>KVKK Policy<\/h5><p>This Personal Data Protection Law (KVKK) Policy (&#8220;Policy&#8221;), by Assoc. Prof. Dr. Deniz K\u0131l\u0131\u00e7 (&#8220;We&#8221;, &#8220;Our&#8221;, or &#8220;Us&#8221;), describes the principles and practices adopted for the protection and processing of personal data under the Law No. 6698 on the Protection of Personal Data (&#8220;KVKK&#8221;). This Policy explains how we collect, use, protect, and share your personal data.<\/p><h5>Collection and Processing of Personal Data<\/h5><p>Your personal data can be collected and processed for the following methods and purposes:<\/p><ol><li><strong>Information Provided Directly by You:<\/strong> Information such as your name, surname, phone number, and email address that you provide directly.<\/li><li><strong>Information Collected Automatically:<\/strong> When you visit our website, information such as your IP address, browser type, and the date and time of your visit is collected automatically.<\/li><li><strong>Information Obtained from Third Parties:<\/strong> Information obtained through our service providers and business partners.<\/li><\/ol><h5>Purposes of Processing Personal Data<\/h5><p>Your personal data can be processed for the following purposes:<\/p><ul><li>Provision and management of health services,<\/li><li>Conducting communication activities,<\/li><li>Improving and enhancing our services,<\/li><li>Fulfilling legal obligations,<\/li><li>Evaluating patient satisfaction and feedback.<\/li><\/ul><h5>Transfer of Personal Data<\/h5><p>Your personal data can be shared with third parties in the following cases, in line with legal requirements and legitimate interests:<\/p><ul><li>With partners and service providers for the purpose of providing health services,<\/li><li>With authorized public institutions and organizations as required by legal obligations,<\/li><li>With competent authorities in legal processes.<\/li><\/ul><h5>Protection of Personal Data<\/h5><p>We take necessary technical and administrative measures to ensure the confidentiality and security of your personal data. In this context, we utilize data security policies, access control mechanisms, and data encryption methods.<\/p><h5>Your Rights Over Your Personal Data<\/h5><p>Under the KVKK, you have the following rights regarding your personal data:<\/p><ul><li>To learn whether your personal data is being processed,<\/li><li>To request information if your personal data has been processed,<\/li><li>To learn the purpose of processing your personal data and whether it is used appropriately,<\/li><li>To know the third parties to whom your personal data is transferred, domestically or abroad,<\/li><li>To request correction of your personal data if it is incomplete or inaccurately processed,<\/li><li>To request the deletion or destruction of your personal data,<\/li><li>To request notification of the correction, deletion, or destruction of your personal data to third parties to whom it has been transferred,<\/li><li>To object to outcomes that are to your detriment resulting exclusively from the automated processing of your data,<\/li><li>To request compensation for damages resulting from the unlawful processing of your personal data.<\/li><\/ul><p>To exercise any of these rights, you can contact us using the contact information provided above.<\/p><h5>Policy Changes<\/h5><p>This Policy may be updated from time to time. In case of any changes, the updated policy will be published on our Website. We recommend that you check this page regularly to stay informed about changes.<\/p><h5>Contact<\/h5><p>If you have any questions about this Policy or wish to learn more about how your personal data is processed, please contact us using the following information:<\/p><p><strong>Company Name:<\/strong> Assoc. Prof. Dr. Deniz K\u0131l\u0131\u00e7<br \/><strong>Phone:<\/strong> +90 530 905 36 49<br \/><strong>Location:<\/strong> Alsancak, Ali \u00c7etinkaya Blvd No:79, 35220, 35001 Konak\/Izmir<br \/><strong>Email:<\/strong> <a href=\"mailto:info@drdenizkilic.com\" rel=\"noreferrer\">info@drdenizkilic.com<\/a><\/p><p>This Policy was last updated on [14.06.2024].<\/p>\t\t\t\t\t\t\t\t<\/div>\n\t\t\t\t<\/div>\n\t\t\t\t\t<\/div>\n\t\t<\/div>\n\t\t\t\t\t<\/div>\n\t\t<\/section>\n\t\t\t\t<\/div>\n\t\t","protected":false},"excerpt":{"rendered":"<p>KVKK Policy This Personal Data Protection Law (KVKK) Policy (&#8220;Policy&#8221;), by Assoc. Prof. Dr. Deniz K\u0131l\u0131\u00e7 (&#8220;We&#8221;, &#8220;Our&#8221;, or &#8220;Us&#8221;), describes the principles and practices adopted for the protection and processing of personal data under the Law No. 6698 on the Protection of Personal Data (&#8220;KVKK&#8221;). This Policy explains how we collect, use, protect, and [&hellip;]<\/p>\n","protected":false},"author":1,"featured_media":0,"parent":0,"menu_order":0,"comment_status":"closed","ping_status":"closed","template":"","meta":{"_acf_changed":false,"footnotes":""},"class_list":["post-1056","page","type-page","status-publish","hentry"],"acf":[],"_links":{"self":[{"href":"https:\/\/drdenizkilic.com\/en\/wp-json\/wp\/v2\/pages\/1056","targetHints":{"allow":["GET"]}}],"collection":[{"href":"https:\/\/drdenizkilic.com\/en\/wp-json\/wp\/v2\/pages"}],"about":[{"href":"https:\/\/drdenizkilic.com\/en\/wp-json\/wp\/v2\/types\/page"}],"author":[{"embeddable":true,"href":"https:\/\/drdenizkilic.com\/en\/wp-json\/wp\/v2\/users\/1"}],"replies":[{"embeddable":true,"href":"https:\/\/drdenizkilic.com\/en\/wp-json\/wp\/v2\/comments?post=1056"}],"version-history":[{"count":7,"href":"https:\/\/drdenizkilic.com\/en\/wp-json\/wp\/v2\/pages\/1056\/revisions"}],"predecessor-version":[{"id":2154,"href":"https:\/\/drdenizkilic.com\/en\/wp-json\/wp\/v2\/pages\/1056\/revisions\/2154"}],"wp:attachment":[{"href":"https:\/\/drdenizkilic.com\/en\/wp-json\/wp\/v2\/media?parent=1056"}],"curies":[{"name":"wp","href":"https:\/\/api.w.org\/{rel}","templated":true}]}}